{"id":618,"date":"2024-11-24T00:29:19","date_gmt":"2024-11-24T00:29:19","guid":{"rendered":"http:\/\/cristinaandshane.com\/?page_id=618"},"modified":"2025-06-21T22:42:37","modified_gmt":"2025-06-21T22:42:37","slug":"faq","status":"publish","type":"page","link":"https:\/\/cristinaandshane.com\/es\/faq\/","title":{"rendered":"Preguntas Frecuentes"},"content":{"rendered":"<figure class=\"wp-block-image aligncenter size-full is-resized\"><img fetchpriority=\"high\" decoding=\"async\" width=\"738\" height=\"250\" src=\"http:\/\/cristinaandshane.com\/wp-content\/uploads\/2024\/12\/a-guide-to-medellin-2.png\" alt=\"\" class=\"wp-image-725\" style=\"width:215px;height:auto\" srcset=\"https:\/\/cristinaandshane.com\/wp-content\/uploads\/2024\/12\/a-guide-to-medellin-2.png 738w, https:\/\/cristinaandshane.com\/wp-content\/uploads\/2024\/12\/a-guide-to-medellin-2-300x102.png 300w, https:\/\/cristinaandshane.com\/wp-content\/uploads\/2024\/12\/a-guide-to-medellin-2-18x6.png 18w\" sizes=\"(max-width: 738px) 100vw, 738px\" \/><\/figure>\n\n\n\n<div class=\"wp-block-group alignfull has-background has-medium-font-size has-global-padding is-layout-constrained wp-container-core-group-is-layout-1 wp-block-group-is-layout-constrained wp-container-1 is-position-sticky\" style=\"background-color:#d7e4f4;margin-top:0;margin-bottom:0;padding-top:var(--wp--preset--spacing--50);padding-right:var(--wp--preset--spacing--50);padding-bottom:var(--wp--preset--spacing--50);padding-left:var(--wp--preset--spacing--50)\"><div class=\"wp-block-uagb-faq uagb-faq__outer-wrap uagb-block-2609f0b9 uagb-faq-icon-row uagb-faq-layout-accordion uagb-faq-expand-first-true uagb-faq-inactive-other-true uagb-faq__wrap uagb-buttons-layout-wrap uagb-faq-equal-height\" data-faqtoggle=\"true\" role=\"tablist\"><div class=\"wp-block-uagb-faq-child uagb-faq-child__outer-wrap uagb-faq-item uagb-block-7e813294\" role=\"tab\" tabindex=\"0\"><div class=\"uagb-faq-questions-button uagb-faq-questions\">\t\t\t<span class=\"uagb-icon uagb-faq-icon-wrap\">\n\t\t\t\t\t\t\t\t<svg xmlns=\"https:\/\/www.w3.org\/2000\/svg\" viewbox= \"0 0 448 512\"><path d=\"M432 256c0 17.69-14.33 32.01-32 32.01H256v144c0 17.69-14.33 31.99-32 31.99s-32-14.3-32-31.99v-144H48c-17.67 0-32-14.32-32-32.01s14.33-31.99 32-31.99H192v-144c0-17.69 14.33-32.01 32-32.01s32 14.32 32 32.01v144h144C417.7 224 432 238.3 432 256z\"><\/path><\/svg>\n\t\t\t\t\t\t\t<\/span>\n\t\t\t\t\t\t<span class=\"uagb-icon-active uagb-faq-icon-wrap\">\n\t\t\t\t\t\t\t\t<svg xmlns=\"https:\/\/www.w3.org\/2000\/svg\" viewbox= \"0 0 448 512\"><path d=\"M400 288h-352c-17.69 0-32-14.32-32-32.01s14.31-31.99 32-31.99h352c17.69 0 32 14.3 32 31.99S417.7 288 400 288z\"><\/path><\/svg>\n\t\t\t\t\t\t\t<\/span>\n\t\t\t<span class=\"uagb-question\">Como es el clima de Medell\u00edn?<\/span><\/div><div class=\"uagb-faq-content\"><p>El clima es templado, caliente en el dia y mas frio de noche. Recomendamos traer chaqueta impermeables y zapatos antiresbalantes.<br><br><strong>Traer abrigo para la boda. <\/strong><\/p><\/div><\/div><div class=\"wp-block-uagb-faq-child uagb-faq-child__outer-wrap uagb-faq-item uagb-block-b139b6aa\" role=\"tab\" tabindex=\"0\"><div class=\"uagb-faq-questions-button uagb-faq-questions\">\t\t\t<span class=\"uagb-icon uagb-faq-icon-wrap\">\n\t\t\t\t\t\t\t\t<svg xmlns=\"https:\/\/www.w3.org\/2000\/svg\" viewbox= \"0 0 448 512\"><path d=\"M432 256c0 17.69-14.33 32.01-32 32.01H256v144c0 17.69-14.33 31.99-32 31.99s-32-14.3-32-31.99v-144H48c-17.67 0-32-14.32-32-32.01s14.33-31.99 32-31.99H192v-144c0-17.69 14.33-32.01 32-32.01s32 14.32 32 32.01v144h144C417.7 224 432 238.3 432 256z\"><\/path><\/svg>\n\t\t\t\t\t\t\t<\/span>\n\t\t\t\t\t\t<span class=\"uagb-icon-active uagb-faq-icon-wrap\">\n\t\t\t\t\t\t\t\t<svg xmlns=\"https:\/\/www.w3.org\/2000\/svg\" viewbox= \"0 0 448 512\"><path d=\"M400 288h-352c-17.69 0-32-14.32-32-32.01s14.31-31.99 32-31.99h352c17.69 0 32 14.3 32 31.99S417.7 288 400 288z\"><\/path><\/svg>\n\t\t\t\t\t\t\t<\/span>\n\t\t\t<span class=\"uagb-question\">Cual es la moneda en Colombia?<\/span><\/div><div class=\"uagb-faq-content\"><p>El peso colombiano (COP) es la moneda de Colombia. <br>Recomendamos traer efectivo en Dolares Americanos, Euros o Pesos Mexicanos y cambiar en casas de cambios locales. <br><br>En estos momentos el cambio es:<br><br> &#8211; $1.00 CAD = $3,100 COP<br> &#8211; $1.00 USD = $4,400 COP<br> &#8211; \u20ac1.00 EURO = $4,500 COP<br> &#8211; \u00a31.00 GBP = $5,500 COP<br> &#8211; $1.00 MXN = $215 COP<br><\/p><\/div><\/div><div class=\"wp-block-uagb-faq-child uagb-faq-child__outer-wrap uagb-faq-item uagb-block-fa58e1f8\" role=\"tab\" tabindex=\"0\"><div class=\"uagb-faq-questions-button uagb-faq-questions\">\t\t\t<span class=\"uagb-icon uagb-faq-icon-wrap\">\n\t\t\t\t\t\t\t\t<svg xmlns=\"https:\/\/www.w3.org\/2000\/svg\" viewbox= \"0 0 448 512\"><path d=\"M432 256c0 17.69-14.33 32.01-32 32.01H256v144c0 17.69-14.33 31.99-32 31.99s-32-14.3-32-31.99v-144H48c-17.67 0-32-14.32-32-32.01s14.33-31.99 32-31.99H192v-144c0-17.69 14.33-32.01 32-32.01s32 14.32 32 32.01v144h144C417.7 224 432 238.3 432 256z\"><\/path><\/svg>\n\t\t\t\t\t\t\t<\/span>\n\t\t\t\t\t\t<span class=\"uagb-icon-active uagb-faq-icon-wrap\">\n\t\t\t\t\t\t\t\t<svg xmlns=\"https:\/\/www.w3.org\/2000\/svg\" viewbox= \"0 0 448 512\"><path d=\"M400 288h-352c-17.69 0-32-14.32-32-32.01s14.31-31.99 32-31.99h352c17.69 0 32 14.3 32 31.99S417.7 288 400 288z\"><\/path><\/svg>\n\t\t\t\t\t\t\t<\/span>\n\t\t\t<span class=\"uagb-question\">Se aceptan las tarjetas de credito en Colombia?<\/span><\/div><div class=\"uagb-faq-content\"><p>Si, las tarjetas de credito (Visa, Mastercard y Amex) son aceptadas en la mayoria de los lugares. <br>Para compras peque\u00f1as o servicios como peluqueria, alquiler de trajes o taxis, recomendamos traer efectivo en Dolares Americanos, Euros o Pesos Mexicanos y cambiar en una casa de cambio local. <br><br>Tambien recomendamos usar <a href=\"https:\/\/wise.com\/us\/card\/\">Wise<\/a> como forma de pago.<br><a href=\"https:\/\/wise.com\/invite\/ihpc\/cristinad152\">Nuestro link de referencia<\/a><br><\/p><\/div><\/div><div class=\"wp-block-uagb-faq-child uagb-faq-child__outer-wrap uagb-faq-item uagb-block-3eef3381\" role=\"tab\" tabindex=\"0\"><div class=\"uagb-faq-questions-button uagb-faq-questions\">\t\t\t<span class=\"uagb-icon uagb-faq-icon-wrap\">\n\t\t\t\t\t\t\t\t<svg xmlns=\"https:\/\/www.w3.org\/2000\/svg\" viewbox= \"0 0 448 512\"><path d=\"M432 256c0 17.69-14.33 32.01-32 32.01H256v144c0 17.69-14.33 31.99-32 31.99s-32-14.3-32-31.99v-144H48c-17.67 0-32-14.32-32-32.01s14.33-31.99 32-31.99H192v-144c0-17.69 14.33-32.01 32-32.01s32 14.32 32 32.01v144h144C417.7 224 432 238.3 432 256z\"><\/path><\/svg>\n\t\t\t\t\t\t\t<\/span>\n\t\t\t\t\t\t<span class=\"uagb-icon-active uagb-faq-icon-wrap\">\n\t\t\t\t\t\t\t\t<svg xmlns=\"https:\/\/www.w3.org\/2000\/svg\" viewbox= \"0 0 448 512\"><path d=\"M400 288h-352c-17.69 0-32-14.32-32-32.01s14.31-31.99 32-31.99h352c17.69 0 32 14.3 32 31.99S417.7 288 400 288z\"><\/path><\/svg>\n\t\t\t\t\t\t\t<\/span>\n\t\t\t<span class=\"uagb-question\">Que tan caro es Medell\u00edn?<\/span><\/div><div class=\"uagb-faq-content\"><p>Recomendamos visitar la pagina <a href=\"https:\/\/www.numbeo.com\/cost-of-living\/in\/Medellin\">Numbeo<\/a> para comparar los precios de Medell\u00edn con tu ciudad.<br><\/p><\/div><\/div><div class=\"wp-block-uagb-faq-child uagb-faq-child__outer-wrap uagb-faq-item uagb-block-506abe10\" role=\"tab\" tabindex=\"0\"><div class=\"uagb-faq-questions-button uagb-faq-questions\">\t\t\t<span class=\"uagb-icon uagb-faq-icon-wrap\">\n\t\t\t\t\t\t\t\t<svg xmlns=\"https:\/\/www.w3.org\/2000\/svg\" viewbox= \"0 0 448 512\"><path d=\"M432 256c0 17.69-14.33 32.01-32 32.01H256v144c0 17.69-14.33 31.99-32 31.99s-32-14.3-32-31.99v-144H48c-17.67 0-32-14.32-32-32.01s14.33-31.99 32-31.99H192v-144c0-17.69 14.33-32.01 32-32.01s32 14.32 32 32.01v144h144C417.7 224 432 238.3 432 256z\"><\/path><\/svg>\n\t\t\t\t\t\t\t<\/span>\n\t\t\t\t\t\t<span class=\"uagb-icon-active uagb-faq-icon-wrap\">\n\t\t\t\t\t\t\t\t<svg xmlns=\"https:\/\/www.w3.org\/2000\/svg\" viewbox= \"0 0 448 512\"><path d=\"M400 288h-352c-17.69 0-32-14.32-32-32.01s14.31-31.99 32-31.99h352c17.69 0 32 14.3 32 31.99S417.7 288 400 288z\"><\/path><\/svg>\n\t\t\t\t\t\t\t<\/span>\n\t\t\t<span class=\"uagb-question\">Medell\u00edn es seguro?<\/span><\/div><div class=\"uagb-faq-content\"><p>Medell\u00edn es una ciudad muy segura para los turistas. <br><br>Como cualquier otra ciudad del mundo, hay areas que no le recomendamos aventurarse a nuestros invitados; especialmente de noche. <br><br>Los Colombianos dicen no dar \"Papaya\", queriendo decir que no llames la atencion con ropa y joyas llamativas, o caminar con el celular en la mano. <br><br>A las mujeres les recomendamos usar joyas de plata en vez de oro amarillo.<\/p><\/div><\/div><div class=\"wp-block-uagb-faq-child uagb-faq-child__outer-wrap uagb-faq-item uagb-block-0e890713\" role=\"tab\" tabindex=\"0\"><div class=\"uagb-faq-questions-button uagb-faq-questions\">\t\t\t<span class=\"uagb-icon uagb-faq-icon-wrap\">\n\t\t\t\t\t\t\t\t<svg xmlns=\"https:\/\/www.w3.org\/2000\/svg\" viewbox= \"0 0 448 512\"><path d=\"M432 256c0 17.69-14.33 32.01-32 32.01H256v144c0 17.69-14.33 31.99-32 31.99s-32-14.3-32-31.99v-144H48c-17.67 0-32-14.32-32-32.01s14.33-31.99 32-31.99H192v-144c0-17.69 14.33-32.01 32-32.01s32 14.32 32 32.01v144h144C417.7 224 432 238.3 432 256z\"><\/path><\/svg>\n\t\t\t\t\t\t\t<\/span>\n\t\t\t\t\t\t<span class=\"uagb-icon-active uagb-faq-icon-wrap\">\n\t\t\t\t\t\t\t\t<svg xmlns=\"https:\/\/www.w3.org\/2000\/svg\" viewbox= \"0 0 448 512\"><path d=\"M400 288h-352c-17.69 0-32-14.32-32-32.01s14.31-31.99 32-31.99h352c17.69 0 32 14.3 32 31.99S417.7 288 400 288z\"><\/path><\/svg>\n\t\t\t\t\t\t\t<\/span>\n\t\t\t<span class=\"uagb-question\">Tarjetas SIM para Celular<\/span><\/div><div class=\"uagb-faq-content\"><p>Si tienes un tel\u00e9fono desbloqueado, te recomendamos comprar una tarjeta SIM local para mantenerte conectado.<br><br>Comprar una tarjeta SIM en Colombia cuesta entre $4,000 y $8,000 COP ($1\u2013$2 USD) en las tiendas de esquina o farmacias. <br>Los puestos de SIM en el aeropuerto son m\u00e1s costosos y pueden costar desde 100,000 COP ($24 USD).<br><br>Si prefieres una eSIM, te recomendamos usar <a href=\"https:\/\/www.airalo.com\/?srsltid=AfmBOopsDKT0aEkYgZzs1kAwQUI1E1psx7A0A2ZpgLr2flGexRoLtI8S\">Airalo<\/a> nuestro <a href=\"https:\/\/ref.airalo.com\/rToJ\">codigo de referido<\/a> es CRISTI1365, y obtienes $4.50 CAD de descuento en tu primera eSIM.<br><br>Para m\u00e1s informaci\u00f3n sobre tarjetas SIM y comunicaci\u00f3n en Colombia, te recomendamos este sitio web:<br><a href=\"https:\/\/www.tomplanmytrip.com\/sim-card-for-colombia-internet-whatsapp\/\">Tom Plan My Trip<\/a><br><br><\/p><\/div><\/div><div class=\"wp-block-uagb-faq-child uagb-faq-child__outer-wrap uagb-faq-item uagb-block-e5bcb15c\" role=\"tab\" tabindex=\"0\"><div class=\"uagb-faq-questions-button uagb-faq-questions\">\t\t\t<span class=\"uagb-icon uagb-faq-icon-wrap\">\n\t\t\t\t\t\t\t\t<svg xmlns=\"https:\/\/www.w3.org\/2000\/svg\" viewbox= \"0 0 448 512\"><path d=\"M432 256c0 17.69-14.33 32.01-32 32.01H256v144c0 17.69-14.33 31.99-32 31.99s-32-14.3-32-31.99v-144H48c-17.67 0-32-14.32-32-32.01s14.33-31.99 32-31.99H192v-144c0-17.69 14.33-32.01 32-32.01s32 14.32 32 32.01v144h144C417.7 224 432 238.3 432 256z\"><\/path><\/svg>\n\t\t\t\t\t\t\t<\/span>\n\t\t\t\t\t\t<span class=\"uagb-icon-active uagb-faq-icon-wrap\">\n\t\t\t\t\t\t\t\t<svg xmlns=\"https:\/\/www.w3.org\/2000\/svg\" viewbox= \"0 0 448 512\"><path d=\"M400 288h-352c-17.69 0-32-14.32-32-32.01s14.31-31.99 32-31.99h352c17.69 0 32 14.3 32 31.99S417.7 288 400 288z\"><\/path><\/svg>\n\t\t\t\t\t\t\t<\/span>\n\t\t\t<span class=\"uagb-question\">Cual es la mejor forma de manejarse por Medell\u00edn?<\/span><\/div><div class=\"uagb-faq-content\"><p>Uber es la mejor opcion. <br><br>Desde el aeropuerto a El Poblado usualmente cuesta alrededor de COP$110,000 (USD$25) por una ida, y moverse al rededor de Medell\u00edn puede costar alrededor de COP$10,000 (USD$2.25) - COP$40,000 (USD $9.00) dependiendo de la distancia.<\/p><\/div><\/div><div class=\"wp-block-uagb-faq-child uagb-faq-child__outer-wrap uagb-faq-item uagb-block-30de7851\" role=\"tab\" tabindex=\"0\"><div class=\"uagb-faq-questions-button uagb-faq-questions\">\t\t\t<span class=\"uagb-icon uagb-faq-icon-wrap\">\n\t\t\t\t\t\t\t\t<svg xmlns=\"https:\/\/www.w3.org\/2000\/svg\" viewbox= \"0 0 448 512\"><path d=\"M432 256c0 17.69-14.33 32.01-32 32.01H256v144c0 17.69-14.33 31.99-32 31.99s-32-14.3-32-31.99v-144H48c-17.67 0-32-14.32-32-32.01s14.33-31.99 32-31.99H192v-144c0-17.69 14.33-32.01 32-32.01s32 14.32 32 32.01v144h144C417.7 224 432 238.3 432 256z\"><\/path><\/svg>\n\t\t\t\t\t\t\t<\/span>\n\t\t\t\t\t\t<span class=\"uagb-icon-active uagb-faq-icon-wrap\">\n\t\t\t\t\t\t\t\t<svg xmlns=\"https:\/\/www.w3.org\/2000\/svg\" viewbox= \"0 0 448 512\"><path d=\"M400 288h-352c-17.69 0-32-14.32-32-32.01s14.31-31.99 32-31.99h352c17.69 0 32 14.3 32 31.99S417.7 288 400 288z\"><\/path><\/svg>\n\t\t\t\t\t\t\t<\/span>\n\t\t\t<span class=\"uagb-question\">Va a haber transporte el dia la boda?<\/span><\/div><div class=\"uagb-faq-content\"><p>Si! Tendremos transporte para nuestros invitados desde el Hotel York Luxury Suites hacia el lugar de la Ceremonia y Recepcion. Tambien tendremos transporte de regreso al Hotel York Luxury Suites y a El Poblado.<br><br><strong>Horario:<\/strong><br>Desde el Lobby del Hotel: 3:00pm<br>Retorno al Hotel y el area del Poblado: Desde la 1:30am<br><br>Por favor llegar a tiempo al Lobby del Hotel York Luxury Suites, no podremos acomodar llegadas tard\u00edas.<br><br>Les pediremos la informaci\u00f3n del hotel en que se esten hospedando en El Poblado en el RSVP.<\/p><\/div><\/div><div class=\"wp-block-uagb-faq-child uagb-faq-child__outer-wrap uagb-faq-item uagb-block-69e2f936\" role=\"tab\" tabindex=\"0\"><div class=\"uagb-faq-questions-button uagb-faq-questions\">\t\t\t<span class=\"uagb-icon uagb-faq-icon-wrap\">\n\t\t\t\t\t\t\t\t<svg xmlns=\"https:\/\/www.w3.org\/2000\/svg\" viewbox= \"0 0 448 512\"><path d=\"M432 256c0 17.69-14.33 32.01-32 32.01H256v144c0 17.69-14.33 31.99-32 31.99s-32-14.3-32-31.99v-144H48c-17.67 0-32-14.32-32-32.01s14.33-31.99 32-31.99H192v-144c0-17.69 14.33-32.01 32-32.01s32 14.32 32 32.01v144h144C417.7 224 432 238.3 432 256z\"><\/path><\/svg>\n\t\t\t\t\t\t\t<\/span>\n\t\t\t\t\t\t<span class=\"uagb-icon-active uagb-faq-icon-wrap\">\n\t\t\t\t\t\t\t\t<svg xmlns=\"https:\/\/www.w3.org\/2000\/svg\" viewbox= \"0 0 448 512\"><path d=\"M400 288h-352c-17.69 0-32-14.32-32-32.01s14.31-31.99 32-31.99h352c17.69 0 32 14.3 32 31.99S417.7 288 400 288z\"><\/path><\/svg>\n\t\t\t\t\t\t\t<\/span>\n\t\t\t<span class=\"uagb-question\">Cuanto tiempo se van a quedar Cristina y Shane en Medell\u00edn?<\/span><\/div><div class=\"uagb-faq-content\"><p>Estaremos llegando el fin de semana anterior a la boda hasta el Lunes, 4 de Agosto, 2025.<\/p><\/div><\/div><div class=\"wp-block-uagb-faq-child uagb-faq-child__outer-wrap uagb-faq-item uagb-block-a3295981\" role=\"tab\" tabindex=\"0\"><div class=\"uagb-faq-questions-button uagb-faq-questions\">\t\t\t<span class=\"uagb-icon uagb-faq-icon-wrap\">\n\t\t\t\t\t\t\t\t<svg xmlns=\"https:\/\/www.w3.org\/2000\/svg\" viewbox= \"0 0 448 512\"><path d=\"M432 256c0 17.69-14.33 32.01-32 32.01H256v144c0 17.69-14.33 31.99-32 31.99s-32-14.3-32-31.99v-144H48c-17.67 0-32-14.32-32-32.01s14.33-31.99 32-31.99H192v-144c0-17.69 14.33-32.01 32-32.01s32 14.32 32 32.01v144h144C417.7 224 432 238.3 432 256z\"><\/path><\/svg>\n\t\t\t\t\t\t\t<\/span>\n\t\t\t\t\t\t<span class=\"uagb-icon-active uagb-faq-icon-wrap\">\n\t\t\t\t\t\t\t\t<svg xmlns=\"https:\/\/www.w3.org\/2000\/svg\" viewbox= \"0 0 448 512\"><path d=\"M400 288h-352c-17.69 0-32-14.32-32-32.01s14.31-31.99 32-31.99h352c17.69 0 32 14.3 32 31.99S417.7 288 400 288z\"><\/path><\/svg>\n\t\t\t\t\t\t\t<\/span>\n\t\t\t<span class=\"uagb-question\">Cual es el vestuario?<\/span><\/div><div class=\"uagb-faq-content\"><p><strong>Cocktail de Bienvenida: <\/strong>Coctel Informal <br><a href=\"https:\/\/pin.it\/6d1zVyhlC\">Ejemplos Aqui<\/a><br><br><strong>Dia de la Boda:<\/strong> Formal. Mujeres: Vestido Largo<br><a href=\"https:\/\/pin.it\/1DeeMXGPh\">Ejemplos Aqui<\/a><\/p><\/div><\/div><div class=\"wp-block-uagb-faq-child uagb-faq-child__outer-wrap uagb-faq-item uagb-block-545d2f21\" role=\"tab\" tabindex=\"0\"><div class=\"uagb-faq-questions-button uagb-faq-questions\">\t\t\t<span class=\"uagb-icon uagb-faq-icon-wrap\">\n\t\t\t\t\t\t\t\t<svg xmlns=\"https:\/\/www.w3.org\/2000\/svg\" viewbox= \"0 0 448 512\"><path d=\"M432 256c0 17.69-14.33 32.01-32 32.01H256v144c0 17.69-14.33 31.99-32 31.99s-32-14.3-32-31.99v-144H48c-17.67 0-32-14.32-32-32.01s14.33-31.99 32-31.99H192v-144c0-17.69 14.33-32.01 32-32.01s32 14.32 32 32.01v144h144C417.7 224 432 238.3 432 256z\"><\/path><\/svg>\n\t\t\t\t\t\t\t<\/span>\n\t\t\t\t\t\t<span class=\"uagb-icon-active uagb-faq-icon-wrap\">\n\t\t\t\t\t\t\t\t<svg xmlns=\"https:\/\/www.w3.org\/2000\/svg\" viewbox= \"0 0 448 512\"><path d=\"M400 288h-352c-17.69 0-32-14.32-32-32.01s14.31-31.99 32-31.99h352c17.69 0 32 14.3 32 31.99S417.7 288 400 288z\"><\/path><\/svg>\n\t\t\t\t\t\t\t<\/span>\n\t\t\t<span class=\"uagb-question\">Puedo alquilar traje?<\/span><\/div><div class=\"uagb-faq-content\"><p>Si! Recomendamos <a href=\"https:\/\/www.instagram.com\/trajes_tonightmedellin\/\">Tonight Medell\u00edn<\/a> en El Poblado para el alquiler de trajes.<br><br><\/p><\/div><\/div><div class=\"wp-block-uagb-faq-child uagb-faq-child__outer-wrap uagb-faq-item uagb-block-03de2b33\" role=\"tab\" tabindex=\"0\"><div class=\"uagb-faq-questions-button uagb-faq-questions\">\t\t\t<span class=\"uagb-icon uagb-faq-icon-wrap\">\n\t\t\t\t\t\t\t\t<svg xmlns=\"https:\/\/www.w3.org\/2000\/svg\" viewbox= \"0 0 448 512\"><path d=\"M432 256c0 17.69-14.33 32.01-32 32.01H256v144c0 17.69-14.33 31.99-32 31.99s-32-14.3-32-31.99v-144H48c-17.67 0-32-14.32-32-32.01s14.33-31.99 32-31.99H192v-144c0-17.69 14.33-32.01 32-32.01s32 14.32 32 32.01v144h144C417.7 224 432 238.3 432 256z\"><\/path><\/svg>\n\t\t\t\t\t\t\t<\/span>\n\t\t\t\t\t\t<span class=\"uagb-icon-active uagb-faq-icon-wrap\">\n\t\t\t\t\t\t\t\t<svg xmlns=\"https:\/\/www.w3.org\/2000\/svg\" viewbox= \"0 0 448 512\"><path d=\"M400 288h-352c-17.69 0-32-14.32-32-32.01s14.31-31.99 32-31.99h352c17.69 0 32 14.3 32 31.99S417.7 288 400 288z\"><\/path><\/svg>\n\t\t\t\t\t\t\t<\/span>\n\t\t\t<span class=\"uagb-question\">Tienen registro de bodas?<\/span><\/div><div class=\"uagb-faq-content\"><p>La presencia de nuestros invitados el d\u00eda de la boda es el mejor regalo de todos. No esperamos otro regalo.<br><br><\/p><\/div><\/div><\/div>\n\n\n<figure class=\"wp-block-image aligncenter size-full is-resized\"><a href=\"http:\/\/cristinaandshane.com\/es\/\"><img decoding=\"async\" width=\"738\" height=\"250\" src=\"http:\/\/cristinaandshane.com\/wp-content\/uploads\/2024\/12\/Cristina-Shane-2.png\" alt=\"\" class=\"wp-image-716\" style=\"width:254px;height:auto\" srcset=\"https:\/\/cristinaandshane.com\/wp-content\/uploads\/2024\/12\/Cristina-Shane-2.png 738w, https:\/\/cristinaandshane.com\/wp-content\/uploads\/2024\/12\/Cristina-Shane-2-300x102.png 300w, https:\/\/cristinaandshane.com\/wp-content\/uploads\/2024\/12\/Cristina-Shane-2-18x6.png 18w\" sizes=\"(max-width: 738px) 100vw, 738px\" \/><\/a><\/figure>\n<\/div>\n\n\n\n<p><\/p>\n\n\n\n<figure class=\"wp-block-image size-full\"><img decoding=\"async\" width=\"738\" height=\"250\" src=\"http:\/\/cristinaandshane.com\/wp-content\/uploads\/2024\/12\/Cristina-Shane-1.png\" alt=\"\" class=\"wp-image-714\" srcset=\"https:\/\/cristinaandshane.com\/wp-content\/uploads\/2024\/12\/Cristina-Shane-1.png 738w, https:\/\/cristinaandshane.com\/wp-content\/uploads\/2024\/12\/Cristina-Shane-1-300x102.png 300w, https:\/\/cristinaandshane.com\/wp-content\/uploads\/2024\/12\/Cristina-Shane-1-18x6.png 18w\" sizes=\"(max-width: 738px) 100vw, 738px\" \/><\/figure>\n\n\n\n\n\n<p><\/p>","protected":false},"excerpt":{"rendered":"","protected":false},"author":1,"featured_media":0,"parent":0,"menu_order":0,"comment_status":"closed","ping_status":"closed","template":"","meta":{"_uag_custom_page_level_css":"","footnotes":""},"class_list":["post-618","page","type-page","status-publish","hentry"],"uagb_featured_image_src":{"full":false,"thumbnail":false,"medium":false,"medium_large":false,"large":false,"1536x1536":false,"2048x2048":false,"trp-custom-language-flag":false},"uagb_author_info":{"display_name":"csadmin","author_link":"https:\/\/cristinaandshane.com\/es\/author\/csadmin\/"},"uagb_comment_info":0,"uagb_excerpt":null,"_links":{"self":[{"href":"https:\/\/cristinaandshane.com\/es\/wp-json\/wp\/v2\/pages\/618","targetHints":{"allow":["GET"]}}],"collection":[{"href":"https:\/\/cristinaandshane.com\/es\/wp-json\/wp\/v2\/pages"}],"about":[{"href":"https:\/\/cristinaandshane.com\/es\/wp-json\/wp\/v2\/types\/page"}],"author":[{"embeddable":true,"href":"https:\/\/cristinaandshane.com\/es\/wp-json\/wp\/v2\/users\/1"}],"replies":[{"embeddable":true,"href":"https:\/\/cristinaandshane.com\/es\/wp-json\/wp\/v2\/comments?post=618"}],"version-history":[{"count":30,"href":"https:\/\/cristinaandshane.com\/es\/wp-json\/wp\/v2\/pages\/618\/revisions"}],"predecessor-version":[{"id":907,"href":"https:\/\/cristinaandshane.com\/es\/wp-json\/wp\/v2\/pages\/618\/revisions\/907"}],"wp:attachment":[{"href":"https:\/\/cristinaandshane.com\/es\/wp-json\/wp\/v2\/media?parent=618"}],"curies":[{"name":"wp","href":"https:\/\/api.w.org\/{rel}","templated":true}]}}