{"id":669,"date":"2024-12-01T23:54:56","date_gmt":"2024-12-01T23:54:56","guid":{"rendered":"http:\/\/cristinaandshane.com\/?page_id=669"},"modified":"2025-06-12T14:20:19","modified_gmt":"2025-06-12T14:20:19","slug":"things-to-do","status":"publish","type":"page","link":"https:\/\/cristinaandshane.com\/es\/things-to-do\/","title":{"rendered":"Guia de Medellin"},"content":{"rendered":"<figure class=\"wp-block-image aligncenter size-full is-resized\"><img fetchpriority=\"high\" decoding=\"async\" width=\"563\" height=\"188\" src=\"https:\/\/cristinaandshane.com\/wp-content\/uploads\/2024\/12\/a-guide-to-medellin-6.png\" alt=\"\" class=\"wp-image-817\" style=\"width:356px;height:auto\" srcset=\"https:\/\/cristinaandshane.com\/wp-content\/uploads\/2024\/12\/a-guide-to-medellin-6.png 563w, https:\/\/cristinaandshane.com\/wp-content\/uploads\/2024\/12\/a-guide-to-medellin-6-300x100.png 300w, https:\/\/cristinaandshane.com\/wp-content\/uploads\/2024\/12\/a-guide-to-medellin-6-18x6.png 18w\" sizes=\"(max-width: 563px) 100vw, 563px\" \/><\/figure>\n\n\n\n<div class=\"wp-block-group alignfull has-background has-global-padding is-layout-constrained wp-container-core-group-is-layout-1 wp-block-group-is-layout-constrained\" style=\"background-color:#d7e4f4;margin-top:0;margin-bottom:0;padding-top:var(--wp--preset--spacing--50);padding-right:var(--wp--preset--spacing--50);padding-bottom:var(--wp--preset--spacing--50);padding-left:var(--wp--preset--spacing--50)\">\n<div class=\"wp-block-cover alignwide\"><span aria-hidden=\"true\" class=\"wp-block-cover__background has-background-dim-20 has-background-dim\"><\/span><img decoding=\"async\" width=\"1495\" height=\"895\" class=\"wp-block-cover__image-background wp-image-823\" alt=\"\" src=\"https:\/\/cristinaandshane.com\/wp-content\/uploads\/2024\/12\/Screen-Shot-2024-12-06-at-8.33.16-PM.png\" style=\"object-position:48% 15%\" data-object-fit=\"cover\" data-object-position=\"48% 15%\" srcset=\"https:\/\/cristinaandshane.com\/wp-content\/uploads\/2024\/12\/Screen-Shot-2024-12-06-at-8.33.16-PM.png 1495w, https:\/\/cristinaandshane.com\/wp-content\/uploads\/2024\/12\/Screen-Shot-2024-12-06-at-8.33.16-PM-300x180.png 300w, https:\/\/cristinaandshane.com\/wp-content\/uploads\/2024\/12\/Screen-Shot-2024-12-06-at-8.33.16-PM-1024x613.png 1024w, https:\/\/cristinaandshane.com\/wp-content\/uploads\/2024\/12\/Screen-Shot-2024-12-06-at-8.33.16-PM-768x460.png 768w, https:\/\/cristinaandshane.com\/wp-content\/uploads\/2024\/12\/Screen-Shot-2024-12-06-at-8.33.16-PM-18x12.png 18w\" sizes=\"(max-width: 1495px) 100vw, 1495px\" \/><div class=\"wp-block-cover__inner-container is-layout-flow wp-block-cover-is-layout-flow\">\n<p class=\"has-text-align-center has-large-font-size\"><\/p>\n<\/div><\/div>\n<\/div>\n\n\n\n<div class=\"wp-block-group alignfull has-base-background-color has-background has-global-padding is-layout-constrained wp-container-core-group-is-layout-3 wp-block-group-is-layout-constrained\" style=\"margin-top:0;margin-bottom:0;padding-top:var(--wp--preset--spacing--60);padding-right:var(--wp--preset--spacing--60);padding-bottom:var(--wp--preset--spacing--60);padding-left:var(--wp--preset--spacing--60)\">\n<div class=\"wp-block-group alignwide is-layout-flow wp-block-group-is-layout-flow\">\n<p class=\"has-text-align-center has-text-color has-link-color has-heading-font-family has-x-large-font-size wp-elements-f8f16839d11c9e112825faf2197b7cf8\" style=\"color:#141659;font-style:normal;font-weight:400;line-height:1.2\"><em>Medell\u00edn: La ciudad de la eterna primavera<\/em><\/p>\n<\/div>\n<\/div>\n\n\n\n<div class=\"wp-block-group alignfull has-text-color has-background has-link-color wp-elements-6271fc1331f6f06f54abedb8bd78fd7a has-global-padding is-layout-constrained wp-container-core-group-is-layout-4 wp-block-group-is-layout-constrained\" style=\"color:#141659;background-color:#d7e4f4;margin-top:0;margin-bottom:0;padding-top:var(--wp--preset--spacing--50);padding-right:var(--wp--preset--spacing--50);padding-bottom:var(--wp--preset--spacing--50);padding-left:var(--wp--preset--spacing--50)\">\n<p class=\"has-large-font-size\">Le recomendamos a nuestros invitados que viajen lo mas directo posible a Medell\u00edn.<\/p>\n<\/div>\n\n\n\n<h2 class=\"wp-block-heading\">Lugares que visitar<\/h2>\n\n\n\n<div class=\"wp-block-group alignfull has-base-background-color has-text-color has-background has-link-color wp-elements-a4a0c5ecce23eda0342392ee6fbe911a has-global-padding is-layout-constrained wp-container-core-group-is-layout-5 wp-block-group-is-layout-constrained\" style=\"color:#141659;margin-top:0;margin-bottom:0;padding-top:var(--wp--preset--spacing--50);padding-right:var(--wp--preset--spacing--50);padding-bottom:var(--wp--preset--spacing--50);padding-left:var(--wp--preset--spacing--50)\">\n<div class=\"wp-block-uagb-icon-list uagb-block-abab9ed2\"><div class=\"uagb-icon-list__wrap\">\n<div class=\"wp-block-uagb-icon-list-child uagb-block-eba0071b\"><span class=\"uagb-icon-list__source-wrap\"><svg xmlns=\"https:\/\/www.w3.org\/2000\/svg\" viewbox=\"0 0 512 512\"><path d=\"M256 0C114.6 0 0 114.6 0 256c0 141.4 114.6 256 256 256s256-114.6 256-256C512 114.6 397.4 0 256 0zM406.6 278.6l-103.1 103.1c-12.5 12.5-32.75 12.5-45.25 0s-12.5-32.75 0-45.25L306.8 288H128C110.3 288 96 273.7 96 256s14.31-32 32-32h178.8l-49.38-49.38c-12.5-12.5-12.5-32.75 0-45.25s32.75-12.5 45.25 0l103.1 103.1C414.6 241.3 416 251.1 416 256C416 260.9 414.6 270.7 406.6 278.6z\"><\/path><\/svg><\/span><span class=\"uagb-icon-list__label\">Plaza Botero<\/span><\/div>\n\n\n\n<div class=\"wp-block-uagb-icon-list-child uagb-block-72aabb9f\"><span class=\"uagb-icon-list__source-wrap\"><svg xmlns=\"https:\/\/www.w3.org\/2000\/svg\" viewbox=\"0 0 512 512\"><path d=\"M256 0C114.6 0 0 114.6 0 256c0 141.4 114.6 256 256 256s256-114.6 256-256C512 114.6 397.4 0 256 0zM406.6 278.6l-103.1 103.1c-12.5 12.5-32.75 12.5-45.25 0s-12.5-32.75 0-45.25L306.8 288H128C110.3 288 96 273.7 96 256s14.31-32 32-32h178.8l-49.38-49.38c-12.5-12.5-12.5-32.75 0-45.25s32.75-12.5 45.25 0l103.1 103.1C414.6 241.3 416 251.1 416 256C416 260.9 414.6 270.7 406.6 278.6z\"><\/path><\/svg><\/span><span class=\"uagb-icon-list__label\">Pueblito Paisa<\/span><\/div>\n\n\n\n<div class=\"wp-block-uagb-icon-list-child uagb-block-ac44d063\"><span class=\"uagb-icon-list__source-wrap\"><svg xmlns=\"https:\/\/www.w3.org\/2000\/svg\" viewbox=\"0 0 512 512\"><path d=\"M256 0C114.6 0 0 114.6 0 256c0 141.4 114.6 256 256 256s256-114.6 256-256C512 114.6 397.4 0 256 0zM406.6 278.6l-103.1 103.1c-12.5 12.5-32.75 12.5-45.25 0s-12.5-32.75 0-45.25L306.8 288H128C110.3 288 96 273.7 96 256s14.31-32 32-32h178.8l-49.38-49.38c-12.5-12.5-12.5-32.75 0-45.25s32.75-12.5 45.25 0l103.1 103.1C414.6 241.3 416 251.1 416 256C416 260.9 414.6 270.7 406.6 278.6z\"><\/path><\/svg><\/span><span class=\"uagb-icon-list__label\">Museo de Antioquia<\/span><\/div>\n\n\n\n<div class=\"wp-block-uagb-icon-list-child uagb-block-fdc8c2cb\"><span class=\"uagb-icon-list__source-wrap\"><svg xmlns=\"https:\/\/www.w3.org\/2000\/svg\" viewbox=\"0 0 512 512\"><path d=\"M256 0C114.6 0 0 114.6 0 256c0 141.4 114.6 256 256 256s256-114.6 256-256C512 114.6 397.4 0 256 0zM406.6 278.6l-103.1 103.1c-12.5 12.5-32.75 12.5-45.25 0s-12.5-32.75 0-45.25L306.8 288H128C110.3 288 96 273.7 96 256s14.31-32 32-32h178.8l-49.38-49.38c-12.5-12.5-12.5-32.75 0-45.25s32.75-12.5 45.25 0l103.1 103.1C414.6 241.3 416 251.1 416 256C416 260.9 414.6 270.7 406.6 278.6z\"><\/path><\/svg><\/span><span class=\"uagb-icon-list__label\">Parque Arvi<\/span><\/div>\n\n\n\n<div class=\"wp-block-uagb-icon-list-child uagb-block-9ebfb1b9\"><span class=\"uagb-icon-list__source-wrap\"><svg xmlns=\"https:\/\/www.w3.org\/2000\/svg\" viewbox=\"0 0 512 512\"><path d=\"M256 0C114.6 0 0 114.6 0 256c0 141.4 114.6 256 256 256s256-114.6 256-256C512 114.6 397.4 0 256 0zM406.6 278.6l-103.1 103.1c-12.5 12.5-32.75 12.5-45.25 0s-12.5-32.75 0-45.25L306.8 288H128C110.3 288 96 273.7 96 256s14.31-32 32-32h178.8l-49.38-49.38c-12.5-12.5-12.5-32.75 0-45.25s32.75-12.5 45.25 0l103.1 103.1C414.6 241.3 416 251.1 416 256C416 260.9 414.6 270.7 406.6 278.6z\"><\/path><\/svg><\/span><span class=\"uagb-icon-list__label\">Comuna 13<\/span><\/div>\n\n\n\n<div class=\"wp-block-uagb-icon-list-child uagb-block-64f272f1\"><span class=\"uagb-icon-list__source-wrap\"><svg xmlns=\"https:\/\/www.w3.org\/2000\/svg\" viewbox=\"0 0 512 512\"><path d=\"M256 0C114.6 0 0 114.6 0 256c0 141.4 114.6 256 256 256s256-114.6 256-256C512 114.6 397.4 0 256 0zM406.6 278.6l-103.1 103.1c-12.5 12.5-32.75 12.5-45.25 0s-12.5-32.75 0-45.25L306.8 288H128C110.3 288 96 273.7 96 256s14.31-32 32-32h178.8l-49.38-49.38c-12.5-12.5-12.5-32.75 0-45.25s32.75-12.5 45.25 0l103.1 103.1C414.6 241.3 416 251.1 416 256C416 260.9 414.6 270.7 406.6 278.6z\"><\/path><\/svg><\/span><span class=\"uagb-icon-list__label\">Jardin Botanico de Medell\u00edn<\/span><\/div>\n\n\n\n<div class=\"wp-block-uagb-icon-list-child uagb-block-dd9b0c39\"><span class=\"uagb-icon-list__source-wrap\"><svg xmlns=\"https:\/\/www.w3.org\/2000\/svg\" viewbox=\"0 0 512 512\"><path d=\"M256 0C114.6 0 0 114.6 0 256c0 141.4 114.6 256 256 256s256-114.6 256-256C512 114.6 397.4 0 256 0zM406.6 278.6l-103.1 103.1c-12.5 12.5-32.75 12.5-45.25 0s-12.5-32.75 0-45.25L306.8 288H128C110.3 288 96 273.7 96 256s14.31-32 32-32h178.8l-49.38-49.38c-12.5-12.5-12.5-32.75 0-45.25s32.75-12.5 45.25 0l103.1 103.1C414.6 241.3 416 251.1 416 256C416 260.9 414.6 270.7 406.6 278.6z\"><\/path><\/svg><\/span><span class=\"uagb-icon-list__label\">Museo el Castillo<\/span><\/div>\n\n\n\n<div class=\"wp-block-uagb-icon-list-child uagb-block-7db81839\"><span class=\"uagb-icon-list__source-wrap\"><svg xmlns=\"https:\/\/www.w3.org\/2000\/svg\" viewbox=\"0 0 512 512\"><path d=\"M256 0C114.6 0 0 114.6 0 256c0 141.4 114.6 256 256 256s256-114.6 256-256C512 114.6 397.4 0 256 0zM406.6 278.6l-103.1 103.1c-12.5 12.5-32.75 12.5-45.25 0s-12.5-32.75 0-45.25L306.8 288H128C110.3 288 96 273.7 96 256s14.31-32 32-32h178.8l-49.38-49.38c-12.5-12.5-12.5-32.75 0-45.25s32.75-12.5 45.25 0l103.1 103.1C414.6 241.3 416 251.1 416 256C416 260.9 414.6 270.7 406.6 278.6z\"><\/path><\/svg><\/span><span class=\"uagb-icon-list__label\">Guatape<\/span><\/div>\n<\/div><\/div>\n<\/div>\n\n\n\n<div class=\"wp-block-group alignfull has-text-color has-background has-link-color wp-elements-5bcd32616c5b842f6e65e96b26ae3708 has-global-padding is-layout-constrained wp-container-core-group-is-layout-6 wp-block-group-is-layout-constrained\" style=\"color:#141659;background-color:#d7e4f4;margin-top:0;margin-bottom:0;padding-top:var(--wp--preset--spacing--50);padding-right:var(--wp--preset--spacing--50);padding-bottom:var(--wp--preset--spacing--50);padding-left:var(--wp--preset--spacing--50)\">\n<h2 class=\"wp-block-heading\"><strong>Tour de Guatap\u00e9<\/strong><\/h2>\n\n\n\n<div style=\"height:24px\" aria-hidden=\"true\" class=\"wp-block-spacer\"><\/div>\n\n\n\n<p class=\"has-large-font-size\">Cristina &amp; Shane van a explorar Guatap\u00e9 con un tour el 30 de Julio, 2025. <\/p>\n\n\n\n<p class=\"has-text-align-center has-large-font-size\"><span style=\"text-decoration: underline;\">Detalles del Tour<\/span><\/p>\n\n\n\n<p class=\"has-medium-font-size\"><strong>Date:<\/strong> Fecha: 30 de Julio 2025 - 7:30am a 5:15pm<br><strong>Que esta incluido:<\/strong> Desayuno, Almuerzo, Transporte, Guia (Espa\u00f1ol &amp; Ingles), Seguro de viaje.<\/p>\n\n\n\n<p class=\"has-medium-font-size\"><strong>Lugares incluidos:<\/strong> Parque Central Guatap\u00e9, Muelle, Iglesia Roca del Pe\u00f1ol, Replica del Pe\u00f1ol, Monumento Ave Fenix, Plaza de los Zocalos y tour del embalse en bote.<\/p>\n\n\n\n<p class=\"has-medium-font-size\"><strong>Desde:<\/strong> York Luxury Suites, Medellin<br><strong>Precio:<\/strong> $190.000 COP ($45 USD, $60 CAD)<br><strong>Contacto: <\/strong>Celene de Viaja Medellin<br><strong><a href=\"https:\/\/wa.me\/34682587194\">Whatsapp<\/a>:<\/strong> +34 682-587-194<br><strong>Email: <\/strong><a href=\"mailto:viajamedellin@gmail.com\">viajamedellin@gmail.com<\/a><br><strong>Pagina Web: <\/strong><a href=\"https:\/\/urldefense.com\/v3\/__https:\/www.viajamedellin.com__;!!KH5kuw!iwsfkIe4ipOXwvvlTCgRaUog84A2y8_79ZQEmM04ztXP3ZwmPCXQXT3k4-WHAGCg8Xbk5crGR5rtILF_uKteh9oWQ9wK$\">https:\/\/www.viajamedellin.com [viajamedellin.com]<\/a><\/p>\n\n\n\n<p class=\"has-text-align-center has-large-font-size\"><span style=\"text-decoration: underline;\">Como Reservar:<\/span><\/p>\n\n\n\n<p class=\"has-text-align-center has-large-font-size\"><span style=\"text-decoration: underline;\">Reservaciones estan disponibles hasta el 22 de Julio, 2025.<\/span><\/p>\n\n\n\n<p class=\"has-medium-font-size\">\u2022 Contactar a Celene por Whatsapp o email, decir que eres parte del grupo de Boda Cristina &amp; Shane para el 30 de Julio, 2025.<br>\u2022 Les mandaran un link de pago seguro que se puede pagar con Amex, Visa, Mastercard u otros.<br>\u2022 Les van a pedir el numero de pasaporte para el seguro de viaje (todas las agencias de viaje lo piden)<\/p>\n<\/div>\n\n\n\n<div class=\"wp-block-group alignfull has-base-background-color has-text-color has-background has-link-color wp-elements-68c90026e22b48662f584eca1dfbf85b has-global-padding is-layout-constrained wp-container-core-group-is-layout-7 wp-block-group-is-layout-constrained\" style=\"color:#141659;margin-top:0;margin-bottom:0;padding-top:var(--wp--preset--spacing--50);padding-right:var(--wp--preset--spacing--50);padding-bottom:var(--wp--preset--spacing--50);padding-left:var(--wp--preset--spacing--50)\">\n<p class=\"has-large-font-size\">Para informaci\u00f3n de Tours locales, les recomendamos <a href=\"https:\/\/www.viajamedellin.com\/\">Viaja Medell\u00edn<\/a><\/p>\n\n\n\n<p class=\"has-medium-font-size\">Whatsapp: <a href=\"https:\/\/wa.me\/&lt;34682587194&gt;\">+34682587194<\/a><br>Email: <a href=\"mailto:viajamedellin@gmail.com\">viajamedellin@gmail.com<\/a><\/p>\n<\/div>\n\n\n\n<div class=\"wp-block-group alignfull has-base-2-color has-text-color has-background has-link-color wp-elements-260d85d094919bf3b25398b84efa7151 has-global-padding is-layout-constrained wp-container-core-group-is-layout-8 wp-block-group-is-layout-constrained\" style=\"background-color:#d7e4f4;margin-top:0;margin-bottom:0;padding-top:var(--wp--preset--spacing--50);padding-right:var(--wp--preset--spacing--50);padding-bottom:var(--wp--preset--spacing--50);padding-left:var(--wp--preset--spacing--50)\">\n<div class=\"wp-block-columns alignwide is-layout-flex wp-container-core-columns-is-layout-1 wp-block-columns-is-layout-flex\">\n<div class=\"wp-block-column is-layout-flow wp-block-column-is-layout-flow\">\n<figure class=\"wp-block-image aligncenter size-large is-resized\"><img decoding=\"async\" width=\"681\" height=\"1024\" src=\"http:\/\/cristinaandshane.com\/wp-content\/uploads\/2024\/12\/260adde6203eb859ee821d3eb9b7aa32-681x1024.jpg\" alt=\"\" class=\"wp-image-675\" style=\"width:285px;height:auto\" srcset=\"https:\/\/cristinaandshane.com\/wp-content\/uploads\/2024\/12\/260adde6203eb859ee821d3eb9b7aa32-681x1024.jpg 681w, https:\/\/cristinaandshane.com\/wp-content\/uploads\/2024\/12\/260adde6203eb859ee821d3eb9b7aa32-200x300.jpg 200w, https:\/\/cristinaandshane.com\/wp-content\/uploads\/2024\/12\/260adde6203eb859ee821d3eb9b7aa32-8x12.jpg 8w, https:\/\/cristinaandshane.com\/wp-content\/uploads\/2024\/12\/260adde6203eb859ee821d3eb9b7aa32.jpg 736w\" sizes=\"(max-width: 681px) 100vw, 681px\" \/><figcaption class=\"wp-element-caption\"><a href=\"https:\/\/www.lonelyplanet.com\/destinations\/colombia\/guatape\"><em>Guatap<\/em>\u00e9<\/a><\/figcaption><\/figure>\n<\/div>\n\n\n\n<div class=\"wp-block-column is-layout-flow wp-block-column-is-layout-flow\">\n<figure class=\"wp-block-image aligncenter size-full is-resized\"><img loading=\"lazy\" decoding=\"async\" width=\"736\" height=\"981\" src=\"http:\/\/cristinaandshane.com\/wp-content\/uploads\/2024\/12\/c7dbc2839298b2353b22d779e7f1b584.jpg\" alt=\"\" class=\"wp-image-676\" style=\"width:286px;height:auto\" srcset=\"https:\/\/cristinaandshane.com\/wp-content\/uploads\/2024\/12\/c7dbc2839298b2353b22d779e7f1b584.jpg 736w, https:\/\/cristinaandshane.com\/wp-content\/uploads\/2024\/12\/c7dbc2839298b2353b22d779e7f1b584-225x300.jpg 225w, https:\/\/cristinaandshane.com\/wp-content\/uploads\/2024\/12\/c7dbc2839298b2353b22d779e7f1b584-9x12.jpg 9w\" sizes=\"(max-width: 736px) 100vw, 736px\" \/><figcaption class=\"wp-element-caption\"><em><a href=\"https:\/\/www.atlasobscura.com\/places\/plaza-botero\">Plaza Botero<\/a><\/em><\/figcaption><\/figure>\n<\/div>\n\n\n\n<div class=\"wp-block-column is-layout-flow wp-block-column-is-layout-flow\">\n<figure class=\"wp-block-image aligncenter size-full\"><img loading=\"lazy\" decoding=\"async\" width=\"533\" height=\"800\" src=\"http:\/\/cristinaandshane.com\/wp-content\/uploads\/2024\/12\/a6ccd6b9cebb4b2221181a172f1c67aa.jpg\" alt=\"\" class=\"wp-image-677\" srcset=\"https:\/\/cristinaandshane.com\/wp-content\/uploads\/2024\/12\/a6ccd6b9cebb4b2221181a172f1c67aa.jpg 533w, https:\/\/cristinaandshane.com\/wp-content\/uploads\/2024\/12\/a6ccd6b9cebb4b2221181a172f1c67aa-200x300.jpg 200w, https:\/\/cristinaandshane.com\/wp-content\/uploads\/2024\/12\/a6ccd6b9cebb4b2221181a172f1c67aa-8x12.jpg 8w\" sizes=\"(max-width: 533px) 100vw, 533px\" \/><figcaption class=\"wp-element-caption\"><em><a href=\"https:\/\/www.botanicomedellin.org\/\">Jardin Botanico de Medell\u00edn<\/a><\/em><\/figcaption><\/figure>\n<\/div>\n<\/div>\n<\/div>\n\n\n\n<div class=\"wp-block-group alignfull has-base-background-color has-text-color has-background has-link-color wp-elements-7c7c3ace0b49ef8c2fc88c9b7ca672e7 has-global-padding is-layout-constrained wp-container-core-group-is-layout-9 wp-block-group-is-layout-constrained\" style=\"color:#141659;margin-top:0;margin-bottom:0;padding-top:var(--wp--preset--spacing--50);padding-right:var(--wp--preset--spacing--50);padding-bottom:var(--wp--preset--spacing--50);padding-left:var(--wp--preset--spacing--50)\">\n<h2 class=\"wp-block-heading\">Restaurantes<\/h2>\n\n\n\n<div style=\"height:24px\" aria-hidden=\"true\" class=\"wp-block-spacer\"><\/div>\n\n\n\n<p class=\"has-large-font-size\"><a href=\"https:\/\/maps.app.goo.gl\/SYtW5zyso363VWmEA\">OCI MDE<\/a><\/p>\n\n\n\n<p class=\"has-large-font-size\"><a href=\"https:\/\/maps.app.goo.gl\/niJ9wMjeSFYpeYig8\">CUON<\/a><\/p>\n\n\n\n<p class=\"has-large-font-size\"><a href=\"https:\/\/www.google.com\/maps\/search\/Crepes+%26+Waffles+medellin\/@6.2009603,-75.5881059,13.75z?entry=ttu&amp;g_ep=EgoyMDI1MDUxMS4wIKXMDSoASAFQAw%3D%3D\">Crepes &amp; Waffles<\/a><\/p>\n\n\n\n<p class=\"has-large-font-size\"><a href=\"https:\/\/maps.app.goo.gl\/dP7ADniLn8VBmAMc7\">Mondongo &#8211; Colombian<\/a><\/p>\n\n\n\n<p class=\"has-large-font-size\"><a href=\"https:\/\/maps.app.goo.gl\/PMKeaCGi7Q8MQeZ39\">Los Chamos &#8211; Venezuelan<\/a><\/p>\n\n\n\n<p class=\"has-large-font-size\"><a href=\"https:\/\/maps.app.goo.gl\/V3ABHdoQgb9ZydCs8\">El Altar Taqueria &#8211; Mexican<\/a><\/p>\n<\/div>\n\n\n\n<div class=\"wp-block-group alignfull has-text-color has-background has-link-color wp-elements-22287744c3ea91e95c9776dc3bbdfab5 has-global-padding is-layout-constrained wp-container-core-group-is-layout-10 wp-block-group-is-layout-constrained\" style=\"color:#141659;background-color:#d7e4f4;margin-top:0;margin-bottom:0;padding-top:var(--wp--preset--spacing--50);padding-right:var(--wp--preset--spacing--50);padding-bottom:var(--wp--preset--spacing--50);padding-left:var(--wp--preset--spacing--50)\">\n<h2 class=\"wp-block-heading has-text-align-left\">Bars &amp; Azoteas<\/h2>\n\n\n\n<div style=\"height:24px\" aria-hidden=\"true\" class=\"wp-block-spacer\"><\/div>\n\n\n\n<p class=\"has-text-align-right has-large-font-size\"><a href=\"https:\/\/g.co\/kgs\/iXRF1nu\">El Social<\/a><\/p>\n\n\n\n<p class=\"has-text-align-right has-large-font-size\"><a href=\"https:\/\/maps.app.goo.gl\/3qXaWBsoo446cGuo9\">Mamba Negra<\/a><\/p>\n\n\n\n<p class=\"has-text-align-right has-large-font-size\"><a href=\"https:\/\/maps.app.goo.gl\/svzxRFy12E1qj5ML9\">La Deriva (Hotel Click Clack)<\/a><\/p>\n\n\n\n<p class=\"has-text-align-right has-large-font-size\"><a href=\"https:\/\/maps.app.goo.gl\/DZgTfhWgXrbRx9jx9\">Etro Rooftop (Hotel Binn)<\/a><\/p>\n\n\n\n<p class=\"has-text-align-right has-large-font-size\"><a href=\"https:\/\/maps.app.goo.gl\/EotqW1EVC2mZj1wy5\">Andr\u00e9s Carne de Res<\/a><\/p>\n\n\n\n<p class=\"has-text-align-right has-large-font-size\"><a href=\"https:\/\/maps.app.goo.gl\/q58SDFeyQPiYWpV49\">Palma Piton<\/a><\/p>\n<\/div>\n\n\n\n<div class=\"wp-block-group alignfull has-base-background-color has-text-color has-background has-link-color wp-elements-1a2bee1b7600278e5b973cbabcf2600c has-global-padding is-layout-constrained wp-container-core-group-is-layout-11 wp-block-group-is-layout-constrained\" style=\"color:#141659;margin-top:0;margin-bottom:0;padding-top:var(--wp--preset--spacing--50);padding-right:var(--wp--preset--spacing--50);padding-bottom:var(--wp--preset--spacing--50);padding-left:var(--wp--preset--spacing--50)\">\n<h2 class=\"wp-block-heading has-text-align-left\">Discotecas<\/h2>\n\n\n\n<div style=\"height:24px\" aria-hidden=\"true\" class=\"wp-block-spacer\"><\/div>\n\n\n\n<p class=\"has-text-align-left has-large-font-size\"><a href=\"https:\/\/maps.app.goo.gl\/sESnN3MRWtUiwzbY6\">Perro Negro (Reggaeton)<\/a><\/p>\n\n\n\n<p class=\"has-text-align-left has-large-font-size\"><a href=\"https:\/\/maps.app.goo.gl\/58wbJ1yXvNo6rbFV7\">Teatro Victoria (Crossover)<\/a><\/p>\n\n\n\n<p class=\"has-text-align-left has-large-font-size\"><a href=\"https:\/\/maps.app.goo.gl\/ty48ckua8RsCxHuS9\">Salon Amador (Electronic)<\/a><\/p>\n\n\n\n<p class=\"has-text-align-left has-large-font-size\"><a href=\"https:\/\/maps.app.goo.gl\/pFwTgLLEef1ChAj96\">La Oculta (Crossover)<\/a><\/p>\n\n\n\n<p class=\"has-text-align-left has-large-font-size\"><a href=\"https:\/\/maps.app.goo.gl\/SNSF7d4gpJmicsM2A\">El Callej\u00f3n Del Gato (KarolG Disco)<\/a><\/p>\n\n\n\n<p class=\"has-text-align-left has-large-font-size\"><a href=\"https:\/\/g.co\/kgs\/fvUdb2u\">903 (Maluma Disco)<\/a><\/p>\n<\/div>\n\n\n\n<hr class=\"wp-block-separator has-alpha-channel-opacity\"\/>\n\n\n\n<figure class=\"wp-block-image aligncenter size-full is-resized\"><a href=\"http:\/\/cristinaandshane.com\/es\/\"><img loading=\"lazy\" decoding=\"async\" width=\"738\" height=\"250\" src=\"http:\/\/cristinaandshane.com\/wp-content\/uploads\/2024\/12\/Cristina-Shane.png\" alt=\"\" class=\"wp-image-712\" style=\"width:301px;height:auto\" srcset=\"https:\/\/cristinaandshane.com\/wp-content\/uploads\/2024\/12\/Cristina-Shane.png 738w, https:\/\/cristinaandshane.com\/wp-content\/uploads\/2024\/12\/Cristina-Shane-300x102.png 300w, https:\/\/cristinaandshane.com\/wp-content\/uploads\/2024\/12\/Cristina-Shane-18x6.png 18w\" sizes=\"(max-width: 738px) 100vw, 738px\" \/><\/a><\/figure>\n\n\n\n<p><\/p>","protected":false},"excerpt":{"rendered":"<p>Medell\u00edn: The city of eternal spring We recommend our guests to travel as directly as possible to Medell\u00edn. Things to Do Guatap\u00e9 Tour Cristina &amp; Shane will be exploring Guatap\u00e9 on a tour on July 30, 2025. Tour Details Date: July 30th, 2025 &#8211; 7:30am to 5:15pmWhat&#8217;s included: Breakfast, Lunch, Transportation, Guide (Spanish &amp; English), [&hellip;]<\/p>","protected":false},"author":1,"featured_media":0,"parent":0,"menu_order":0,"comment_status":"closed","ping_status":"closed","template":"","meta":{"_uag_custom_page_level_css":"","footnotes":""},"class_list":["post-669","page","type-page","status-publish","hentry"],"uagb_featured_image_src":{"full":false,"thumbnail":false,"medium":false,"medium_large":false,"large":false,"1536x1536":false,"2048x2048":false,"trp-custom-language-flag":false},"uagb_author_info":{"display_name":"csadmin","author_link":"https:\/\/cristinaandshane.com\/es\/author\/csadmin\/"},"uagb_comment_info":0,"uagb_excerpt":"Medell\u00edn: The city of eternal spring We recommend our guests to travel as directly as possible to Medell\u00edn. Things to Do Guatap\u00e9 Tour Cristina &amp; Shane will be exploring Guatap\u00e9 on a tour on July 30, 2025. Tour Details Date: July 30th, 2025 &#8211; 7:30am to 5:15pmWhat&#8217;s included: Breakfast, Lunch, Transportation, Guide (Spanish &amp; English),&hellip;","_links":{"self":[{"href":"https:\/\/cristinaandshane.com\/es\/wp-json\/wp\/v2\/pages\/669","targetHints":{"allow":["GET"]}}],"collection":[{"href":"https:\/\/cristinaandshane.com\/es\/wp-json\/wp\/v2\/pages"}],"about":[{"href":"https:\/\/cristinaandshane.com\/es\/wp-json\/wp\/v2\/types\/page"}],"author":[{"embeddable":true,"href":"https:\/\/cristinaandshane.com\/es\/wp-json\/wp\/v2\/users\/1"}],"replies":[{"embeddable":true,"href":"https:\/\/cristinaandshane.com\/es\/wp-json\/wp\/v2\/comments?post=669"}],"version-history":[{"count":36,"href":"https:\/\/cristinaandshane.com\/es\/wp-json\/wp\/v2\/pages\/669\/revisions"}],"predecessor-version":[{"id":902,"href":"https:\/\/cristinaandshane.com\/es\/wp-json\/wp\/v2\/pages\/669\/revisions\/902"}],"wp:attachment":[{"href":"https:\/\/cristinaandshane.com\/es\/wp-json\/wp\/v2\/media?parent=669"}],"curies":[{"name":"wp","href":"https:\/\/api.w.org\/{rel}","templated":true}]}}